{"id":267,"date":"2025-06-07T12:50:17","date_gmt":"2025-06-07T12:50:17","guid":{"rendered":"https:\/\/prodancelab.com\/?page_id=267"},"modified":"2025-07-22T14:30:46","modified_gmt":"2025-07-22T14:30:46","slug":"about-me","status":"publish","type":"page","link":"https:\/\/prodancelab.com\/en\/about-me\/","title":{"rendered":"About me"},"content":{"rendered":"<div data-elementor-type=\"wp-page\" data-elementor-id=\"267\" class=\"elementor elementor-267\" data-elementor-post-type=\"page\">\n\t\t\t\t<div class=\"elementor-element elementor-element-1211d347 e-con-full e-flex e-con e-parent\" data-id=\"1211d347\" data-element_type=\"container\" data-e-type=\"container\" data-settings=\"{&quot;background_background&quot;:&quot;classic&quot;}\">\n\t\t<div class=\"elementor-element elementor-element-416ded4a e-flex e-con-boxed e-con e-child\" data-id=\"416ded4a\" data-element_type=\"container\" data-e-type=\"container\">\n\t\t\t\t\t<div class=\"e-con-inner\">\n\t\t\t\t<div class=\"elementor-element elementor-element-2763f028 elementor-widget__width-initial elementor-widget elementor-widget-heading\" data-id=\"2763f028\" data-element_type=\"widget\" data-e-type=\"widget\" data-widget_type=\"heading.default\">\n\t\t\t\t<div class=\"elementor-widget-container\">\n\t\t\t\t\t<h2 class=\"elementor-heading-title elementor-size-default\">Where Passion Meets Your Potential<\/h2>\t\t\t\t<\/div>\n\t\t\t\t<\/div>\n\t\t\t\t\t<\/div>\n\t\t\t\t<\/div>\n\t\t<div class=\"elementor-element elementor-element-1bb87a02 e-con-full e-flex e-con e-child\" data-id=\"1bb87a02\" data-element_type=\"container\" data-e-type=\"container\">\n\t\t\t\t<div class=\"elementor-element elementor-element-3f4a687a elementor-icon-list--layout-inline elementor-align-center elementor-list-item-link-full_width elementor-widget elementor-widget-icon-list\" data-id=\"3f4a687a\" data-element_type=\"widget\" data-e-type=\"widget\" data-widget_type=\"icon-list.default\">\n\t\t\t\t<div class=\"elementor-widget-container\">\n\t\t\t\t\t\t\t<ul class=\"elementor-icon-list-items elementor-inline-items\">\n\t\t\t\t\t\t\t<li class=\"elementor-icon-list-item elementor-inline-item\">\n\t\t\t\t\t\t\t\t\t\t<span class=\"elementor-icon-list-text\">Home<\/span>\n\t\t\t\t\t\t\t\t\t<\/li>\n\t\t\t\t\t\t\t\t<li class=\"elementor-icon-list-item elementor-inline-item\">\n\t\t\t\t\t\t\t\t\t\t\t<span class=\"elementor-icon-list-icon\">\n\t\t\t\t\t\t\t<i aria-hidden=\"true\" class=\"icon icon-right-arrow1\"><\/i>\t\t\t\t\t\t<\/span>\n\t\t\t\t\t\t\t\t\t\t<span class=\"elementor-icon-list-text\">PAGES<\/span>\n\t\t\t\t\t\t\t\t\t<\/li>\n\t\t\t\t\t\t\t\t<li class=\"elementor-icon-list-item elementor-inline-item\">\n\t\t\t\t\t\t\t\t\t\t\t<span class=\"elementor-icon-list-icon\">\n\t\t\t\t\t\t\t<i aria-hidden=\"true\" class=\"icon icon-right-arrow1\"><\/i>\t\t\t\t\t\t<\/span>\n\t\t\t\t\t\t\t\t\t\t<span class=\"elementor-icon-list-text\">About<\/span>\n\t\t\t\t\t\t\t\t\t<\/li>\n\t\t\t\t\t\t<\/ul>\n\t\t\t\t\t\t<\/div>\n\t\t\t\t<\/div>\n\t\t\t\t<\/div>\n\t\t\t\t<\/div>\n\t\t\t\t<section class=\"elementor-section elementor-top-section elementor-element elementor-element-7ff9a573 elementor-section-height-min-height elementor-section-full_width elementor-section-items-stretch elementor-section-height-default\" data-id=\"7ff9a573\" data-element_type=\"section\" data-e-type=\"section\">\n\t\t\t\t\t\t\t<div class=\"elementor-background-overlay\"><\/div>\n\t\t\t\t\t\t\t<div class=\"elementor-container elementor-column-gap-no\">\n\t\t\t\t\t<div class=\"elementor-column elementor-col-50 elementor-top-column elementor-element elementor-element-2ea2564\" data-id=\"2ea2564\" data-element_type=\"column\" data-e-type=\"column\" data-settings=\"{&quot;background_background&quot;:&quot;classic&quot;}\">\n\t\t\t<div class=\"elementor-widget-wrap elementor-element-populated\">\n\t\t\t\t\t<div class=\"elementor-background-overlay\"><\/div>\n\t\t\t\t\t\t<section class=\"elementor-section elementor-inner-section elementor-element elementor-element-7bf947ba elementor-section-boxed elementor-section-height-default elementor-section-height-default\" data-id=\"7bf947ba\" data-element_type=\"section\" data-e-type=\"section\">\n\t\t\t\t\t\t<div class=\"elementor-container elementor-column-gap-no\">\n\t\t\t\t\t<div class=\"elementor-column elementor-col-50 elementor-inner-column elementor-element elementor-element-778fe28f\" data-id=\"778fe28f\" data-element_type=\"column\" data-e-type=\"column\">\n\t\t\t<div class=\"elementor-widget-wrap\">\n\t\t\t\t\t\t\t<\/div>\n\t\t<\/div>\n\t\t\t\t<div class=\"elementor-column elementor-col-50 elementor-inner-column elementor-element elementor-element-5bb689fb\" data-id=\"5bb689fb\" data-element_type=\"column\" data-e-type=\"column\">\n\t\t\t<div class=\"elementor-widget-wrap\">\n\t\t\t\t\t\t\t<\/div>\n\t\t<\/div>\n\t\t\t\t\t<\/div>\n\t\t<\/section>\n\t\t\t\t\t<\/div>\n\t\t<\/div>\n\t\t\t\t<div class=\"elementor-column elementor-col-50 elementor-top-column elementor-element elementor-element-4ec8478e\" data-id=\"4ec8478e\" data-element_type=\"column\" data-e-type=\"column\">\n\t\t\t<div class=\"elementor-widget-wrap elementor-element-populated\">\n\t\t\t\t\t\t<div class=\"elementor-element elementor-element-a060c80 elementor-widget__width-initial elementor-widget elementor-widget-heading\" data-id=\"a060c80\" data-element_type=\"widget\" data-e-type=\"widget\" data-widget_type=\"heading.default\">\n\t\t\t\t<div class=\"elementor-widget-container\">\n\t\t\t\t\t<h2 class=\"elementor-heading-title elementor-size-default\">My story<\/h2>\t\t\t\t<\/div>\n\t\t\t\t<\/div>\n\t\t\t\t<div class=\"elementor-element elementor-element-3a589897 elementor-widget__width-initial elementor-widget elementor-widget-text-editor\" data-id=\"3a589897\" data-element_type=\"widget\" data-e-type=\"widget\" data-widget_type=\"text-editor.default\">\n\t\t\t\t<div class=\"elementor-widget-container\">\n\t\t\t\t\t\t\t\t\t<p>My name is Marioara, and if you're reading this, it's because you're curious to discover the person behind PRODANCELAB.<\/p><p>For me, dance was never simply a skill to be learned\u2014it was a spark, a magic that ignited within me from childhood. It all started in my living room here in Moldova, where, as a curious little girl, I let myself go with spontaneous movements. Very quickly, this freedom of movement became my language, my refuge, my greatest source of joy.<\/p><p>I still vividly remember that electric thrill when I saw the ballet on TV. I was curious about how music could instantly transport me, allowing me to express emotions I couldn't put into words.<\/p><p>This connection, from the very beginning, wasn't about perfection, but about feeling\u2014that profound sense of freedom and connection to myself that only dance could bring me.<\/p><p>My 30 years of experience in dance sports and 12 more years of classical ballet have certainly taught me discipline, but it's improvisation that has stolen my heart.\nExploring the vibrant energy of Latin and standard rhythms has helped me let go and fully experience music, the disciplines that have shaped who I am. But even more, it has illuminated my mission: to share this transformative power with you. I am convinced that dance is for each of us\u2014for all those who want to move, express themselves, and feel free in their own skin. <br \/>Exploring the vibrant energy of Latin and standard rhythms has helped me let go and fully experience music, the disciplines that have shaped who I am. But even more, it has illuminated my mission: to share this transformative power with you. I am convinced that dance is for each of us\u2014for all those who want to move, express themselves, and feel free in their own skin.<\/p><p>My mission is to guide you toward this same deep and authentic joy.<\/p>\t\t\t\t\t\t\t\t<\/div>\n\t\t\t\t<\/div>\n\t\t\t\t\t<\/div>\n\t\t<\/div>\n\t\t\t\t\t<\/div>\n\t\t<\/section>\n\t\t\t\t<section class=\"elementor-section elementor-top-section elementor-element elementor-element-62b3882e elementor-section-height-min-height elementor-section-boxed elementor-section-height-default elementor-section-items-middle\" data-id=\"62b3882e\" data-element_type=\"section\" data-e-type=\"section\">\n\t\t\t\t\t\t<div class=\"elementor-container elementor-column-gap-default\">\n\t\t\t\t\t<div class=\"elementor-column elementor-col-100 elementor-top-column elementor-element elementor-element-478a5816\" data-id=\"478a5816\" data-element_type=\"column\" data-e-type=\"column\">\n\t\t\t<div class=\"elementor-widget-wrap elementor-element-populated\">\n\t\t\t\t\t\t<div class=\"elementor-element elementor-element-51027075 elementor-widget elementor-widget-heading\" data-id=\"51027075\" data-element_type=\"widget\" data-e-type=\"widget\" data-widget_type=\"heading.default\">\n\t\t\t\t<div class=\"elementor-widget-container\">\n\t\t\t\t\t<h2 class=\"elementor-heading-title elementor-size-default\">My philosophy<\/h2>\t\t\t\t<\/div>\n\t\t\t\t<\/div>\n\t\t\t\t<section class=\"elementor-section elementor-inner-section elementor-element elementor-element-1dfcd247 elementor-section-boxed elementor-section-height-default elementor-section-height-default\" data-id=\"1dfcd247\" data-element_type=\"section\" data-e-type=\"section\">\n\t\t\t\t\t\t<div class=\"elementor-container elementor-column-gap-default\">\n\t\t\t\t\t<div class=\"elementor-column elementor-col-50 elementor-inner-column elementor-element elementor-element-42e62ee0\" data-id=\"42e62ee0\" data-element_type=\"column\" data-e-type=\"column\">\n\t\t\t<div class=\"elementor-widget-wrap elementor-element-populated\">\n\t\t\t\t\t\t<div class=\"elementor-element elementor-element-38692ac elementor-blockquote--skin-border elementor-blockquote--button-color-official elementor-widget elementor-widget-blockquote\" data-id=\"38692ac\" data-element_type=\"widget\" data-e-type=\"widget\" data-widget_type=\"blockquote.default\">\n\t\t\t\t<div class=\"elementor-widget-container\">\n\t\t\t\t\t\t\t<blockquote class=\"elementor-blockquote\">\n\t\t\t<p class=\"elementor-blockquote__content\">\n\t\t\t\tDance is the hidden language of the soul, an expression that transcends words and reveals the very essence of our deepest emotions.\t\t\t<\/p>\n\t\t\t\t\t\t\t<div class=\"e-q-footer\">\n\t\t\t\t\t\t\t\t\t\t\t<cite class=\"elementor-blockquote__author\">- Martha Graham<\/cite>\n\t\t\t\t\t\t\t\t\t\t\t\t\t\t<\/div>\n\t\t\t\t\t<\/blockquote>\n\t\t\t\t\t\t<\/div>\n\t\t\t\t<\/div>\n\t\t\t\t\t<\/div>\n\t\t<\/div>\n\t\t\t\t<div class=\"elementor-column elementor-col-50 elementor-inner-column elementor-element elementor-element-3533d3bc\" data-id=\"3533d3bc\" data-element_type=\"column\" data-e-type=\"column\">\n\t\t\t<div class=\"elementor-widget-wrap elementor-element-populated\">\n\t\t\t\t\t\t<div class=\"elementor-element elementor-element-22b379fc elementor-widget elementor-widget-text-editor\" data-id=\"22b379fc\" data-element_type=\"widget\" data-e-type=\"widget\" data-widget_type=\"text-editor.default\">\n\t\t\t\t<div class=\"elementor-widget-container\">\n\t\t\t\t\t\t\t\t\t<ul><li data-start=\"0\" data-end=\"389\">If you learn with me, you\u2019ll quickly discover that my teaching isn\u2019t based on rigid rules.\nIt\u2019s about building bridges \u2013 between you and your body, between you and the music, and most importantly, between you and your authentic self.\nWhat truly drives me is seeing your unique personality come alive through movement.\nThat\u2019s what truly inspires me.\u00a0<br \/><br \/><\/li><li data-start=\"391\" data-end=\"671\"><strong data-start=\"393\" data-end=\"457\">I'm a keen listener and a cheerleader.<\/strong><br data-start=\"457\" data-end=\"460\" \/>Every step we take together is a conversation. I don't impose a style; I help you uncover yours. Your dance should look and feel like you, vibrant with your personality. I'm here to cheer you on, every step of the way.<br \/><br \/><\/li><li data-start=\"673\" data-end=\"1006\"><strong data-start=\"676\" data-end=\"725\">I champion connection over perfection.<\/strong><br data-start=\"725\" data-end=\"728\" \/>While we'll build skills, my primary goal is for you to feel deeply connected to the movement, to genuinely enjoy the process, and to find confidence in every sway and turn. We're not aiming for flawless; we're aiming for free and fulfilled.<br \/><br \/><\/li><li data-start=\"1008\" data-end=\"1348\"><strong data-start=\"1011\" data-end=\"1070\">I create a space of unconditional support and playful exploration.<\/strong><br data-start=\"1070\" data-end=\"1073\" \/>Learning something new can be vulnerable, but here, judgment has absolutely no place. My lessons are built on patience, genuine encouragement, and often a few laughs! I truly want you to feel safe, heard, and completely uplifted.<br \/><br \/><\/li><li data-start=\"1350\" data-end=\"1688\"><strong data-start=\"1353\" data-end=\"1413\">I'm a fellow traveler, constantly inspired by you.<\/strong><br data-start=\"1413\" data-end=\"1416\" \/>I'm always learning, exploring new movement ideas, and refining my own practice. This keeps my teaching fresh, creative, and ensures I'm always bringing my most inspired self to our sessions.<br \/><br \/><\/li><li data-start=\"1690\" data-end=\"1767\">Your progress often teaches me as much as I teach you! <strong data-start=\"1751\" data-end=\"1766\">dance true.<\/strong>.<\/li><\/ul>\t\t\t\t\t\t\t\t<\/div>\n\t\t\t\t<\/div>\n\t\t\t\t\t<\/div>\n\t\t<\/div>\n\t\t\t\t\t<\/div>\n\t\t<\/section>\n\t\t\t\t\t<\/div>\n\t\t<\/div>\n\t\t\t\t\t<\/div>\n\t\t<\/section>\n\t\t\t\t<section class=\"elementor-section elementor-top-section elementor-element elementor-element-5646e260 elementor-section-stretched elementor-section-content-middle elementor-section-height-min-height elementor-section-boxed elementor-section-height-default elementor-section-items-middle\" data-id=\"5646e260\" data-element_type=\"section\" data-e-type=\"section\" data-settings=\"{&quot;stretch_section&quot;:&quot;section-stretched&quot;,&quot;background_background&quot;:&quot;classic&quot;}\">\n\t\t\t\t\t\t\t<div class=\"elementor-background-overlay\"><\/div>\n\t\t\t\t\t\t\t<div class=\"elementor-container elementor-column-gap-default\">\n\t\t\t\t\t<div class=\"elementor-column elementor-col-100 elementor-top-column elementor-element elementor-element-f6d4461\" data-id=\"f6d4461\" data-element_type=\"column\" data-e-type=\"column\">\n\t\t\t<div class=\"elementor-widget-wrap elementor-element-populated\">\n\t\t\t\t\t\t<div class=\"elementor-element elementor-element-6febd78c elementor-widget elementor-widget-heading\" data-id=\"6febd78c\" data-element_type=\"widget\" data-e-type=\"widget\" data-widget_type=\"heading.default\">\n\t\t\t\t<div class=\"elementor-widget-container\">\n\t\t\t\t\t<h1 class=\"elementor-heading-title elementor-size-default\">DANCE YOUR LIFE, LIVE YOUR DANCE<\/h1>\t\t\t\t<\/div>\n\t\t\t\t<\/div>\n\t\t\t\t<div class=\"elementor-element elementor-element-13bbd42e elementor-widget__width-initial elementor-widget elementor-widget-text-editor\" data-id=\"13bbd42e\" data-element_type=\"widget\" data-e-type=\"widget\" data-widget_type=\"text-editor.default\">\n\t\t\t\t<div class=\"elementor-widget-container\">\n\t\t\t\t\t\t\t\t\t<p>Unleash your potential and discover the tools that will set your dance free, with personalized support from PRODANCELAB.<\/p>\t\t\t\t\t\t\t\t<\/div>\n\t\t\t\t<\/div>\n\t\t\t\t<div class=\"elementor-element elementor-element-273470cb envato-kit-30-div-rotate elementor-widget-divider--view-line elementor-invisible elementor-widget elementor-widget-divider\" data-id=\"273470cb\" data-element_type=\"widget\" data-e-type=\"widget\" data-settings=\"{&quot;_animation&quot;:&quot;fadeIn&quot;}\" data-widget_type=\"divider.default\">\n\t\t\t\t<div class=\"elementor-widget-container\">\n\t\t\t\t\t\t\t<div class=\"elementor-divider\">\n\t\t\t<span class=\"elementor-divider-separator\">\n\t\t\t\t\t\t<\/span>\n\t\t<\/div>\n\t\t\t\t\t\t<\/div>\n\t\t\t\t<\/div>\n\t\t\t\t<div class=\"elementor-element elementor-element-3bc70b0 elementor-align-center elementor-widget elementor-widget-button\" data-id=\"3bc70b0\" data-element_type=\"widget\" data-e-type=\"widget\" data-widget_type=\"button.default\">\n\t\t\t\t<div class=\"elementor-widget-container\">\n\t\t\t\t\t\t\t\t\t<div class=\"elementor-button-wrapper\">\n\t\t\t\t\t<a class=\"elementor-button elementor-button-link elementor-size-sm\" href=\"\/en\/contact\/\">\n\t\t\t\t\t\t<span class=\"elementor-button-content-wrapper\">\n\t\t\t\t\t\t\t\t\t<span class=\"elementor-button-text\">Ready to learn? Start here!<\/span>\n\t\t\t\t\t<\/span>\n\t\t\t\t\t<\/a>\n\t\t\t\t<\/div>\n\t\t\t\t\t\t\t\t<\/div>\n\t\t\t\t<\/div>\n\t\t\t\t\t<\/div>\n\t\t<\/div>\n\t\t\t\t\t<\/div>\n\t\t<\/section>\n\t\t\t\t<\/div>","protected":false},"excerpt":{"rendered":"<p>L\u00e0 o\u00f9 la passion rencontre ton potentiel Accueil PAGES \u00c0 Propos Mon histoire Je suis Marioara, et si tu lis ces lignes, c\u2019est que tu es curieux(se) de d\u00e9couvrir la personne derri\u00e8re PRODANCELAB. Pour moi, la danse n\u2019a jamais \u00e9t\u00e9 simplement une comp\u00e9tence \u00e0 apprendre \u2013 c\u2019\u00e9tait une \u00e9tincelle, une magie qui s\u2019est allum\u00e9e en [&hellip;]<\/p>\n","protected":false},"author":1,"featured_media":0,"parent":0,"menu_order":0,"comment_status":"closed","ping_status":"closed","template":"","meta":{"footnotes":""},"class_list":["post-267","page","type-page","status-publish","hentry"],"_links":{"self":[{"href":"https:\/\/prodancelab.com\/en\/wp-json\/wp\/v2\/pages\/267","targetHints":{"allow":["GET"]}}],"collection":[{"href":"https:\/\/prodancelab.com\/en\/wp-json\/wp\/v2\/pages"}],"about":[{"href":"https:\/\/prodancelab.com\/en\/wp-json\/wp\/v2\/types\/page"}],"author":[{"embeddable":true,"href":"https:\/\/prodancelab.com\/en\/wp-json\/wp\/v2\/users\/1"}],"replies":[{"embeddable":true,"href":"https:\/\/prodancelab.com\/en\/wp-json\/wp\/v2\/comments?post=267"}],"version-history":[{"count":151,"href":"https:\/\/prodancelab.com\/en\/wp-json\/wp\/v2\/pages\/267\/revisions"}],"predecessor-version":[{"id":955,"href":"https:\/\/prodancelab.com\/en\/wp-json\/wp\/v2\/pages\/267\/revisions\/955"}],"wp:attachment":[{"href":"https:\/\/prodancelab.com\/en\/wp-json\/wp\/v2\/media?parent=267"}],"curies":[{"name":"wp","href":"https:\/\/api.w.org\/{rel}","templated":true}]}}